{"id":202,"date":"2026-02-03T02:50:54","date_gmt":"2026-02-03T02:50:54","guid":{"rendered":"https:\/\/gaugau.click\/?post_type=product&#038;p=202"},"modified":"2026-02-07T04:18:39","modified_gmt":"2026-02-07T04:18:39","slug":"may-anh-ki-thuat-so-gaugau-gx10","status":"publish","type":"product","link":"https:\/\/gaugau.click\/index.php\/san-pham\/may-anh-ki-thuat-so-gaugau-gx10\/","title":{"rendered":"M\u00e1y \u1ea3nh k\u0129 thu\u1eadt s\u1ed1 GauGau GX10"},"content":{"rendered":"<p><a href=\"https:\/\/gaugau.click\/wp-content\/uploads\/2026\/01\/Anh-man-hinh-2026-01-31-luc-11.17.26.png\"><img loading=\"lazy\" decoding=\"async\" class=\"alignnone size-medium wp-image-193\" src=\"https:\/\/gaugau.click\/wp-content\/uploads\/2026\/01\/Anh-man-hinh-2026-01-31-luc-11.17.26-300x224.png\" alt=\"\" width=\"300\" height=\"224\" srcset=\"https:\/\/gaugau.click\/wp-content\/uploads\/2026\/01\/Anh-man-hinh-2026-01-31-luc-11.17.26-300x224.png 300w, https:\/\/gaugau.click\/wp-content\/uploads\/2026\/01\/Anh-man-hinh-2026-01-31-luc-11.17.26-600x448.png 600w, https:\/\/gaugau.click\/wp-content\/uploads\/2026\/01\/Anh-man-hinh-2026-01-31-luc-11.17.26.png 756w\" sizes=\"auto, (max-width: 300px) 100vw, 300px\" \/><\/a><\/p>\n<p>M\u00e1y \u1ea3nh k\u0129 thu\u1eadt s\u1ed1 GauGau GX10 mang \u0111\u1ebfn tr\u1ea3i nghi\u1ec7m ch\u1ee5p \u1ea3nh ch\u00e2n th\u1ef1c, si\u00eau n\u00e9t.<\/p>\n","protected":false},"excerpt":{"rendered":"<p>M\u00e1y \u1ea3nh k\u0129 thu\u1eadt s\u1ed1 GauGau GX10 mang \u0111\u1ebfn tr\u1ea3i nghi\u1ec7m ch\u1ee5p \u1ea3nh ch\u00e2n th\u1ef1c, si\u00eau n\u00e9t.<\/p>\n","protected":false},"featured_media":193,"comment_status":"open","ping_status":"closed","template":"","meta":{"_acf_changed":false,"_bbp_topic_count":0,"_bbp_reply_count":0,"_bbp_total_topic_count":0,"_bbp_total_reply_count":0,"_bbp_voice_count":0,"_bbp_anonymous_reply_count":0,"_bbp_topic_count_hidden":0,"_bbp_reply_count_hidden":0,"_bbp_forum_subforum_count":0,"_eb_attr":"","_crdt_document":"","_themeisle_gutenberg_block_has_review":false},"product_brand":[],"product_cat":[16],"product_tag":[],"class_list":{"0":"post-202","1":"product","2":"type-product","3":"status-publish","4":"has-post-thumbnail","6":"product_cat-chua-phan-loai","8":"first","9":"instock","10":"sale","11":"taxable","12":"shipping-taxable","13":"purchasable","14":"product-type-simple"},"acf":[],"yoast_head":"<!-- This site is optimized with the Yoast SEO plugin v27.6 - https:\/\/yoast.com\/product\/yoast-seo-wordpress\/ -->\n<title>M\u00e1y \u1ea3nh k\u0129 thu\u1eadt s\u1ed1 GauGau GX10 - GAUGAU<\/title>\n<meta name=\"description\" content=\"Tr\u1ea3i nghi\u1ec7m ch\u1ee5p \u1ea3nh ch\u00e2n th\u1ef1c v\u1edbi M\u00e1y \u1ea3nh k\u0129 thu\u1eadt s\u1ed1 GauGau GX10! S\u1ea3n ph\u1ea9m n\u00e0y cung c\u1ea5p h\u00ecnh \u1ea3nh si\u00eau n\u00e9t m\u00e0 b\u1ea1n kh\u00f4ng th\u1ec3 b\u1ecf qua.\" \/>\n<meta name=\"robots\" content=\"index, follow, max-snippet:-1, max-image-preview:large, max-video-preview:-1\" \/>\n<link rel=\"canonical\" href=\"https:\/\/gaugau.click\/index.php\/san-pham\/may-anh-ki-thuat-so-gaugau-gx10\/\" \/>\n<meta property=\"og:locale\" content=\"vi_VN\" \/>\n<meta property=\"og:type\" content=\"article\" \/>\n<meta property=\"og:title\" content=\"M\u00e1y \u1ea3nh k\u0129 thu\u1eadt s\u1ed1 GauGau GX10 - GAUGAU\" \/>\n<meta property=\"og:description\" content=\"Tr\u1ea3i nghi\u1ec7m ch\u1ee5p \u1ea3nh ch\u00e2n th\u1ef1c v\u1edbi M\u00e1y \u1ea3nh k\u0129 thu\u1eadt s\u1ed1 GauGau GX10! S\u1ea3n ph\u1ea9m n\u00e0y cung c\u1ea5p h\u00ecnh \u1ea3nh si\u00eau n\u00e9t m\u00e0 b\u1ea1n kh\u00f4ng th\u1ec3 b\u1ecf qua.\" \/>\n<meta property=\"og:url\" content=\"https:\/\/gaugau.click\/index.php\/san-pham\/may-anh-ki-thuat-so-gaugau-gx10\/\" \/>\n<meta property=\"og:site_name\" content=\"GAUGAU\" \/>\n<meta property=\"article:modified_time\" content=\"2026-02-07T04:18:39+00:00\" \/>\n<meta property=\"og:image\" content=\"https:\/\/gaugau.click\/wp-content\/uploads\/2026\/01\/Anh-man-hinh-2026-01-31-luc-11.17.26.png\" \/>\n\t<meta property=\"og:image:width\" content=\"756\" \/>\n\t<meta property=\"og:image:height\" content=\"564\" \/>\n\t<meta property=\"og:image:type\" content=\"image\/png\" \/>\n<meta name=\"twitter:card\" content=\"summary_large_image\" \/>\n<meta name=\"twitter:label1\" content=\"\u01af\u1edbc t\u00ednh th\u1eddi gian \u0111\u1ecdc\" \/>\n\t<meta name=\"twitter:data1\" content=\"1 ph\u00fat\" \/>\n<script type=\"application\/ld+json\" class=\"yoast-schema-graph\">{\"@context\":\"https:\\\/\\\/schema.org\",\"@graph\":[{\"@type\":\"WebPage\",\"@id\":\"https:\\\/\\\/gaugau.click\\\/index.php\\\/san-pham\\\/may-anh-ki-thuat-so-gaugau-gx10\\\/\",\"url\":\"https:\\\/\\\/gaugau.click\\\/index.php\\\/san-pham\\\/may-anh-ki-thuat-so-gaugau-gx10\\\/\",\"name\":\"M\u00e1y \u1ea3nh k\u0129 thu\u1eadt s\u1ed1 GauGau GX10 - GAUGAU\",\"isPartOf\":{\"@id\":\"https:\\\/\\\/gaugau.click\\\/#website\"},\"primaryImageOfPage\":{\"@id\":\"https:\\\/\\\/gaugau.click\\\/index.php\\\/san-pham\\\/may-anh-ki-thuat-so-gaugau-gx10\\\/#primaryimage\"},\"image\":{\"@id\":\"https:\\\/\\\/gaugau.click\\\/index.php\\\/san-pham\\\/may-anh-ki-thuat-so-gaugau-gx10\\\/#primaryimage\"},\"thumbnailUrl\":\"https:\\\/\\\/gaugau.click\\\/wp-content\\\/uploads\\\/2026\\\/01\\\/Anh-man-hinh-2026-01-31-luc-11.17.26.png\",\"datePublished\":\"2026-02-03T02:50:54+00:00\",\"dateModified\":\"2026-02-07T04:18:39+00:00\",\"description\":\"Tr\u1ea3i nghi\u1ec7m ch\u1ee5p \u1ea3nh ch\u00e2n th\u1ef1c v\u1edbi M\u00e1y \u1ea3nh k\u0129 thu\u1eadt s\u1ed1 GauGau GX10! S\u1ea3n ph\u1ea9m n\u00e0y cung c\u1ea5p h\u00ecnh \u1ea3nh si\u00eau n\u00e9t m\u00e0 b\u1ea1n kh\u00f4ng th\u1ec3 b\u1ecf qua.\",\"breadcrumb\":{\"@id\":\"https:\\\/\\\/gaugau.click\\\/index.php\\\/san-pham\\\/may-anh-ki-thuat-so-gaugau-gx10\\\/#breadcrumb\"},\"inLanguage\":\"vi\",\"potentialAction\":[{\"@type\":\"ReadAction\",\"target\":[\"https:\\\/\\\/gaugau.click\\\/index.php\\\/san-pham\\\/may-anh-ki-thuat-so-gaugau-gx10\\\/\"]}]},{\"@type\":\"ImageObject\",\"inLanguage\":\"vi\",\"@id\":\"https:\\\/\\\/gaugau.click\\\/index.php\\\/san-pham\\\/may-anh-ki-thuat-so-gaugau-gx10\\\/#primaryimage\",\"url\":\"https:\\\/\\\/gaugau.click\\\/wp-content\\\/uploads\\\/2026\\\/01\\\/Anh-man-hinh-2026-01-31-luc-11.17.26.png\",\"contentUrl\":\"https:\\\/\\\/gaugau.click\\\/wp-content\\\/uploads\\\/2026\\\/01\\\/Anh-man-hinh-2026-01-31-luc-11.17.26.png\",\"width\":756,\"height\":564,\"caption\":\"GauGau 200D \u2013 M\u00e1y \u1ea3nh nh\u1ecf g\u1ecdn, d\u1ec5 d\u00f9ng cho ng\u01b0\u1eddi m\u1edbi b\u1eaft \u0111\u1ea7u\"},{\"@type\":\"BreadcrumbList\",\"@id\":\"https:\\\/\\\/gaugau.click\\\/index.php\\\/san-pham\\\/may-anh-ki-thuat-so-gaugau-gx10\\\/#breadcrumb\",\"itemListElement\":[{\"@type\":\"ListItem\",\"position\":1,\"name\":\"Trang ch\u1ee7\",\"item\":\"https:\\\/\\\/gaugau.click\\\/\"},{\"@type\":\"ListItem\",\"position\":2,\"name\":\"C\u1eeda H\u00e0ng\",\"item\":\"https:\\\/\\\/gaugau.click\\\/index.php\\\/cua-hang\\\/\"},{\"@type\":\"ListItem\",\"position\":3,\"name\":\"M\u00e1y \u1ea3nh k\u0129 thu\u1eadt s\u1ed1 GauGau GX10\"}]},{\"@type\":\"WebSite\",\"@id\":\"https:\\\/\\\/gaugau.click\\\/#website\",\"url\":\"https:\\\/\\\/gaugau.click\\\/\",\"name\":\"GAUGAU\",\"description\":\"https:\\\/\\\/gaugau.click\\\/wp-admin\\\/customize.php?url=https%3A%2F%2Fgaugau.click%2Findex.php%2Fcua-hang%2F\",\"potentialAction\":[{\"@type\":\"SearchAction\",\"target\":{\"@type\":\"EntryPoint\",\"urlTemplate\":\"https:\\\/\\\/gaugau.click\\\/?s={search_term_string}\"},\"query-input\":{\"@type\":\"PropertyValueSpecification\",\"valueRequired\":true,\"valueName\":\"search_term_string\"}}],\"inLanguage\":\"vi\"}]}<\/script>\n<!-- \/ Yoast SEO plugin. -->","yoast_head_json":{"title":"M\u00e1y \u1ea3nh k\u0129 thu\u1eadt s\u1ed1 GauGau GX10 - GAUGAU","description":"Tr\u1ea3i nghi\u1ec7m ch\u1ee5p \u1ea3nh ch\u00e2n th\u1ef1c v\u1edbi M\u00e1y \u1ea3nh k\u0129 thu\u1eadt s\u1ed1 GauGau GX10! S\u1ea3n ph\u1ea9m n\u00e0y cung c\u1ea5p h\u00ecnh \u1ea3nh si\u00eau n\u00e9t m\u00e0 b\u1ea1n kh\u00f4ng th\u1ec3 b\u1ecf qua.","robots":{"index":"index","follow":"follow","max-snippet":"max-snippet:-1","max-image-preview":"max-image-preview:large","max-video-preview":"max-video-preview:-1"},"canonical":"https:\/\/gaugau.click\/index.php\/san-pham\/may-anh-ki-thuat-so-gaugau-gx10\/","og_locale":"vi_VN","og_type":"article","og_title":"M\u00e1y \u1ea3nh k\u0129 thu\u1eadt s\u1ed1 GauGau GX10 - GAUGAU","og_description":"Tr\u1ea3i nghi\u1ec7m ch\u1ee5p \u1ea3nh ch\u00e2n th\u1ef1c v\u1edbi M\u00e1y \u1ea3nh k\u0129 thu\u1eadt s\u1ed1 GauGau GX10! S\u1ea3n ph\u1ea9m n\u00e0y cung c\u1ea5p h\u00ecnh \u1ea3nh si\u00eau n\u00e9t m\u00e0 b\u1ea1n kh\u00f4ng th\u1ec3 b\u1ecf qua.","og_url":"https:\/\/gaugau.click\/index.php\/san-pham\/may-anh-ki-thuat-so-gaugau-gx10\/","og_site_name":"GAUGAU","article_modified_time":"2026-02-07T04:18:39+00:00","og_image":[{"width":756,"height":564,"url":"https:\/\/gaugau.click\/wp-content\/uploads\/2026\/01\/Anh-man-hinh-2026-01-31-luc-11.17.26.png","type":"image\/png"}],"twitter_card":"summary_large_image","twitter_misc":{"\u01af\u1edbc t\u00ednh th\u1eddi gian \u0111\u1ecdc":"1 ph\u00fat"},"schema":{"@context":"https:\/\/schema.org","@graph":[{"@type":"WebPage","@id":"https:\/\/gaugau.click\/index.php\/san-pham\/may-anh-ki-thuat-so-gaugau-gx10\/","url":"https:\/\/gaugau.click\/index.php\/san-pham\/may-anh-ki-thuat-so-gaugau-gx10\/","name":"M\u00e1y \u1ea3nh k\u0129 thu\u1eadt s\u1ed1 GauGau GX10 - GAUGAU","isPartOf":{"@id":"https:\/\/gaugau.click\/#website"},"primaryImageOfPage":{"@id":"https:\/\/gaugau.click\/index.php\/san-pham\/may-anh-ki-thuat-so-gaugau-gx10\/#primaryimage"},"image":{"@id":"https:\/\/gaugau.click\/index.php\/san-pham\/may-anh-ki-thuat-so-gaugau-gx10\/#primaryimage"},"thumbnailUrl":"https:\/\/gaugau.click\/wp-content\/uploads\/2026\/01\/Anh-man-hinh-2026-01-31-luc-11.17.26.png","datePublished":"2026-02-03T02:50:54+00:00","dateModified":"2026-02-07T04:18:39+00:00","description":"Tr\u1ea3i nghi\u1ec7m ch\u1ee5p \u1ea3nh ch\u00e2n th\u1ef1c v\u1edbi M\u00e1y \u1ea3nh k\u0129 thu\u1eadt s\u1ed1 GauGau GX10! S\u1ea3n ph\u1ea9m n\u00e0y cung c\u1ea5p h\u00ecnh \u1ea3nh si\u00eau n\u00e9t m\u00e0 b\u1ea1n kh\u00f4ng th\u1ec3 b\u1ecf qua.","breadcrumb":{"@id":"https:\/\/gaugau.click\/index.php\/san-pham\/may-anh-ki-thuat-so-gaugau-gx10\/#breadcrumb"},"inLanguage":"vi","potentialAction":[{"@type":"ReadAction","target":["https:\/\/gaugau.click\/index.php\/san-pham\/may-anh-ki-thuat-so-gaugau-gx10\/"]}]},{"@type":"ImageObject","inLanguage":"vi","@id":"https:\/\/gaugau.click\/index.php\/san-pham\/may-anh-ki-thuat-so-gaugau-gx10\/#primaryimage","url":"https:\/\/gaugau.click\/wp-content\/uploads\/2026\/01\/Anh-man-hinh-2026-01-31-luc-11.17.26.png","contentUrl":"https:\/\/gaugau.click\/wp-content\/uploads\/2026\/01\/Anh-man-hinh-2026-01-31-luc-11.17.26.png","width":756,"height":564,"caption":"GauGau 200D \u2013 M\u00e1y \u1ea3nh nh\u1ecf g\u1ecdn, d\u1ec5 d\u00f9ng cho ng\u01b0\u1eddi m\u1edbi b\u1eaft \u0111\u1ea7u"},{"@type":"BreadcrumbList","@id":"https:\/\/gaugau.click\/index.php\/san-pham\/may-anh-ki-thuat-so-gaugau-gx10\/#breadcrumb","itemListElement":[{"@type":"ListItem","position":1,"name":"Trang ch\u1ee7","item":"https:\/\/gaugau.click\/"},{"@type":"ListItem","position":2,"name":"C\u1eeda H\u00e0ng","item":"https:\/\/gaugau.click\/index.php\/cua-hang\/"},{"@type":"ListItem","position":3,"name":"M\u00e1y \u1ea3nh k\u0129 thu\u1eadt s\u1ed1 GauGau GX10"}]},{"@type":"WebSite","@id":"https:\/\/gaugau.click\/#website","url":"https:\/\/gaugau.click\/","name":"GAUGAU","description":"https:\/\/gaugau.click\/wp-admin\/customize.php?url=https%3A%2F%2Fgaugau.click%2Findex.php%2Fcua-hang%2F","potentialAction":[{"@type":"SearchAction","target":{"@type":"EntryPoint","urlTemplate":"https:\/\/gaugau.click\/?s={search_term_string}"},"query-input":{"@type":"PropertyValueSpecification","valueRequired":true,"valueName":"search_term_string"}}],"inLanguage":"vi"}]}},"jetpack_sharing_enabled":true,"_links":{"self":[{"href":"https:\/\/gaugau.click\/index.php\/wp-json\/wp\/v2\/product\/202","targetHints":{"allow":["GET"]}}],"collection":[{"href":"https:\/\/gaugau.click\/index.php\/wp-json\/wp\/v2\/product"}],"about":[{"href":"https:\/\/gaugau.click\/index.php\/wp-json\/wp\/v2\/types\/product"}],"replies":[{"embeddable":true,"href":"https:\/\/gaugau.click\/index.php\/wp-json\/wp\/v2\/comments?post=202"}],"wp:featuredmedia":[{"embeddable":true,"href":"https:\/\/gaugau.click\/index.php\/wp-json\/wp\/v2\/media\/193"}],"wp:attachment":[{"href":"https:\/\/gaugau.click\/index.php\/wp-json\/wp\/v2\/media?parent=202"}],"wp:term":[{"taxonomy":"product_brand","embeddable":true,"href":"https:\/\/gaugau.click\/index.php\/wp-json\/wp\/v2\/product_brand?post=202"},{"taxonomy":"product_cat","embeddable":true,"href":"https:\/\/gaugau.click\/index.php\/wp-json\/wp\/v2\/product_cat?post=202"},{"taxonomy":"product_tag","embeddable":true,"href":"https:\/\/gaugau.click\/index.php\/wp-json\/wp\/v2\/product_tag?post=202"}],"curies":[{"name":"wp","href":"https:\/\/api.w.org\/{rel}","templated":true}]}}